{"id":6,"date":"2026-02-06T19:37:54","date_gmt":"2026-02-06T18:37:54","guid":{"rendered":"http:\/\/192.168.1.35\/?page_id=6"},"modified":"2026-02-11T14:15:47","modified_gmt":"2026-02-11T13:15:47","slug":"accueil","status":"publish","type":"page","link":"https:\/\/www.johappyday.fr\/","title":{"rendered":"Accueil"},"content":{"rendered":"<p>[et_pb_section fb_built=\u00a0\u00bb1&Prime; _builder_version=\u00a0\u00bb4.27.5&Prime; _module_preset=\u00a0\u00bbdefault\u00a0\u00bb background_color=\u00a0\u00bb#000000&Prime; global_colors_info=\u00a0\u00bb{}\u00a0\u00bb][et_pb_row column_structure=\u00a0\u00bb1_2,1_2&Prime; _builder_version=\u00a0\u00bb4.27.5&Prime; _module_preset=\u00a0\u00bbdefault\u00a0\u00bb global_colors_info=\u00a0\u00bb{}\u00a0\u00bb][et_pb_column type=\u00a0\u00bb1_2&Prime; _builder_version=\u00a0\u00bb4.27.5&Prime; _module_preset=\u00a0\u00bbdefault\u00a0\u00bb custom_padding=\u00a0\u00bb||||false|false\u00a0\u00bb custom_padding_tablet=\u00a0\u00bb||||false|false\u00a0\u00bb custom_padding_phone=\u00a0\u00bb||||false|false\u00a0\u00bb custom_padding_last_edited=\u00a0\u00bbon|desktop\u00a0\u00bb global_colors_info=\u00a0\u00bb{}\u00a0\u00bb][dsm_icon_list list_alignment=\u00a0\u00bbcenter\u00a0\u00bb list_space_between=\u00a0\u00bb9px\u00a0\u00bb _builder_version=\u00a0\u00bb4.27.5&Prime; _module_preset=\u00a0\u00bbdefault\u00a0\u00bb custom_margin=\u00a0\u00bb10px||||false|false\u00a0\u00bb global_colors_info=\u00a0\u00bb{}\u00a0\u00bb][dsm_icon_list_child text=\u00a0\u00bbLundi\u00a0\u00bb font_icon=\u00a0\u00bb&#xf057;||fa||900&Prime; icon_color=\u00a0\u00bb#E02B20&Prime; _builder_version=\u00a0\u00bb4.27.5&Prime; _module_preset=\u00a0\u00bbdefault\u00a0\u00bb text_font_size=\u00a0\u00bb20px\u00a0\u00bb global_colors_info=\u00a0\u00bb{}\u00a0\u00bb][\/dsm_icon_list_child][dsm_icon_list_child text=\u00a0\u00bbMardi &#8211; de 18h30 \u00e0 21h\u00a0\u00bb font_icon=\u00a0\u00bb&#x4e;||divi||400&Prime; icon_color=\u00a0\u00bb#7CDA24&Prime; _builder_version=\u00a0\u00bb4.27.5&Prime; _module_preset=\u00a0\u00bbdefault\u00a0\u00bb text_font_size=\u00a0\u00bb20px\u00a0\u00bb global_colors_info=\u00a0\u00bb{}\u00a0\u00bb][\/dsm_icon_list_child][dsm_icon_list_child text=\u00a0\u00bbMercredi &#8211; de 18h30 \u00e0 21h\u00a0\u00bb font_icon=\u00a0\u00bb&#x4e;||divi||400&Prime; icon_color=\u00a0\u00bb#7CDA24&Prime; _builder_version=\u00a0\u00bb4.27.5&Prime; _module_preset=\u00a0\u00bbdefault\u00a0\u00bb text_font_size=\u00a0\u00bb20px\u00a0\u00bb global_colors_info=\u00a0\u00bb{}\u00a0\u00bb][\/dsm_icon_list_child][dsm_icon_list_child text=\u00a0\u00bbJeudi &#8211; de 18h30 \u00e0 21h\u00a0\u00bb font_icon=\u00a0\u00bb&#x4e;||divi||400&Prime; icon_color=\u00a0\u00bb#7CDA24&Prime; _builder_version=\u00a0\u00bb4.27.5&Prime; _module_preset=\u00a0\u00bbdefault\u00a0\u00bb text_font_size=\u00a0\u00bb20px\u00a0\u00bb global_colors_info=\u00a0\u00bb{}\u00a0\u00bb][\/dsm_icon_list_child][dsm_icon_list_child text=\u00a0\u00bbVendredi &#8211; de 18h30 \u00e0 22h\u00a0\u00bb font_icon=\u00a0\u00bb&#x4e;||divi||400&Prime; icon_color=\u00a0\u00bb#7CDA24&Prime; _builder_version=\u00a0\u00bb4.27.5&Prime; _module_preset=\u00a0\u00bbdefault\u00a0\u00bb text_font_size=\u00a0\u00bb20px\u00a0\u00bb global_colors_info=\u00a0\u00bb{}\u00a0\u00bb][\/dsm_icon_list_child][dsm_icon_list_child text=\u00a0\u00bbSamedi &#8211; de 18h30 \u00e0 22h\u00a0\u00bb font_icon=\u00a0\u00bb&#x4e;||divi||400&Prime; icon_color=\u00a0\u00bb#7CDA24&Prime; _builder_version=\u00a0\u00bb4.27.5&Prime; _module_preset=\u00a0\u00bbdefault\u00a0\u00bb text_font_size=\u00a0\u00bb20px\u00a0\u00bb global_colors_info=\u00a0\u00bb{}\u00a0\u00bb][\/dsm_icon_list_child][dsm_icon_list_child text=\u00a0\u00bbDimanche &#8211; de 18h30 \u00e0 21h\u00a0\u00bb font_icon=\u00a0\u00bb&#x4e;||divi||400&Prime; icon_color=\u00a0\u00bb#7CDA24&Prime; _builder_version=\u00a0\u00bb4.27.5&Prime; _module_preset=\u00a0\u00bbdefault\u00a0\u00bb text_font_size=\u00a0\u00bb20px\u00a0\u00bb global_colors_info=\u00a0\u00bb{}\u00a0\u00bb][\/dsm_icon_list_child][\/dsm_icon_list][\/et_pb_column][et_pb_column type=\u00a0\u00bb1_2&Prime; _builder_version=\u00a0\u00bb4.27.5&Prime; _module_preset=\u00a0\u00bbdefault\u00a0\u00bb global_colors_info=\u00a0\u00bb{}\u00a0\u00bb][dsm_embed_google_map address=\u00a0\u00bb2bis rue Jules Guesde, 59510 Hem\u00a0\u00bb zoom=\u00a0\u00bb14&Prime; _builder_version=\u00a0\u00bb4.27.5&Prime; _module_preset=\u00a0\u00bbdefault\u00a0\u00bb custom_margin=\u00a0\u00bb||-28px|||\u00a0\u00bb global_colors_info=\u00a0\u00bb{}\u00a0\u00bb][\/dsm_embed_google_map][\/et_pb_column][\/et_pb_row][et_pb_row _builder_version=\u00a0\u00bb4.27.5&Prime; _module_preset=\u00a0\u00bbdefault\u00a0\u00bb global_colors_info=\u00a0\u00bb{}\u00a0\u00bb][et_pb_column type=\u00a0\u00bb4_4&Prime; _builder_version=\u00a0\u00bb4.27.5&Prime; _module_preset=\u00a0\u00bbdefault\u00a0\u00bb global_colors_info=\u00a0\u00bb{}\u00a0\u00bb][et_pb_image src=\u00a0\u00bbhttp:\/\/www.johappyday.fr\/wp-content\/uploads\/2026\/02\/Logo.png\u00a0\u00bb alt=\u00a0\u00bbJoe Happy Day Pizzeria\u00a0\u00bb title_text=\u00a0\u00bbJoe Happy Day Pizzeria\u00a0\u00bb url=\u00a0\u00bb\/\u00a0\u00bb align=\u00a0\u00bbcenter\u00a0\u00bb src_tablet=\u00a0\u00bbhttp:\/\/192.168.1.4\/wp-content\/uploads\/2026\/02\/Logo.png\u00a0\u00bb src_phone=\u00a0\u00bbhttp:\/\/192.168.1.4\/wp-content\/uploads\/2026\/02\/Logo.png\u00a0\u00bb src_last_edited=\u00a0\u00bbon|desktop\u00a0\u00bb _builder_version=\u00a0\u00bb4.27.5&Prime; _module_preset=\u00a0\u00bbdefault\u00a0\u00bb width=\u00a0\u00bb50%\u00a0\u00bb max_width=\u00a0\u00bb50%\u00a0\u00bb max_height=\u00a0\u00bb300px\u00a0\u00bb hover_enabled=\u00a0\u00bb0&Prime; global_colors_info=\u00a0\u00bb{}\u00a0\u00bb sticky_enabled=\u00a0\u00bb0&Prime;][\/et_pb_image][\/et_pb_column][\/et_pb_row][\/et_pb_section]<\/p>\n","protected":false},"excerpt":{"rendered":"<p><div class=\"et_pb_module dsm_icon_list dsm_icon_list_0\">\n\t\t\t\t\n\t\t\t\t\n\t\t\t\t\n\t\t\t\t\n\t\t\t\t\n\t\t\t\t\n\t\t\t\t<div class=\"et_pb_module_inner\">\n\t\t\t\t\t<ul class=\"dsm_icon_list_items dsm_icon_list_ltr_direction dsm_icon_list_layout_vertical\"><\/ul>\n\t\t\t\t<\/div>\n\t\t\t<\/div><li class=\"dsm_icon_list_child dsm_icon_list_child_0\">\n\t\t\t\t\n\t\t\t\t\n\t\t\t\t\n\t\t\t\t\n\t\t\t\t<span class=\"dsm_icon_list_wrapper\"><span class=\"dsm_icon_list_icon\">\uf057<\/span><\/span><span class=\"dsm_icon_list_text\">Lundi<\/span>\n\t\t\t<\/li><li class=\"dsm_icon_list_child dsm_icon_list_child_1\">\n\t\t\t\t\n\t\t\t\t\n\t\t\t\t\n\t\t\t\t\n\t\t\t\t<span class=\"dsm_icon_list_wrapper\"><span class=\"dsm_icon_list_icon\">N<\/span><\/span><span class=\"dsm_icon_list_text\">Mardi - de 18h30 \u00e0 21h<\/span>\n\t\t\t<\/li><li class=\"dsm_icon_list_child dsm_icon_list_child_2\">\n\t\t\t\t\n\t\t\t\t\n\t\t\t\t\n\t\t\t\t\n\t\t\t\t<span class=\"dsm_icon_list_wrapper\"><span class=\"dsm_icon_list_icon\">N<\/span><\/span><span class=\"dsm_icon_list_text\">Mercredi - de 18h30 \u00e0 21h<\/span>\n\t\t\t<\/li><li class=\"dsm_icon_list_child dsm_icon_list_child_3\">\n\t\t\t\t\n\t\t\t\t\n\t\t\t\t\n\t\t\t\t\n\t\t\t\t<span class=\"dsm_icon_list_wrapper\"><span class=\"dsm_icon_list_icon\">N<\/span><\/span><span class=\"dsm_icon_list_text\">Jeudi - de 18h30 \u00e0 21h<\/span>\n\t\t\t<\/li><li class=\"dsm_icon_list_child dsm_icon_list_child_4\">\n\t\t\t\t\n\t\t\t\t\n\t\t\t\t\n\t\t\t\t\n\t\t\t\t<span class=\"dsm_icon_list_wrapper\"><span class=\"dsm_icon_list_icon\">P<\/span><\/span><span class=\"dsm_icon_list_text\">\u00bbVendredi<\/span>\n\t\t\t<\/li><\/p>\n","protected":false},"author":1,"featured_media":0,"parent":0,"menu_order":0,"comment_status":"closed","ping_status":"closed","template":"","meta":{"_et_pb_use_builder":"on","_et_pb_old_content":"<!-- wp:uagb\/image {\"block_id\":\"75840b99\",\"url\":\"http:\/\/192.168.1.35\/wp-content\/uploads\/2026\/02\/Logo.png\",\"urlTablet\":\"http:\/\/192.168.1.35\/wp-content\/uploads\/2026\/02\/Logo.png\",\"urlMobile\":\"http:\/\/192.168.1.35\/wp-content\/uploads\/2026\/02\/Logo.png\",\"alt\":\"Joe Happy Day Pizzeria\",\"caption\":\"Logo pizzeria Joe Happy Day\",\"id\":9,\"linkDestination\":\"none\",\"title\":\"Joe Happy Day Pizzeria\",\"naturalWidth\":565,\"naturalHeight\":556,\"sizeSlug\":\"full\",\"sizeSlugTablet\":\"full\",\"sizeSlugMobile\":\"full\"} -->\n<div class=\"wp-block-uagb-image uagb-block-75840b99 wp-block-uagb-image--layout-default wp-block-uagb-image--effect-static wp-block-uagb-image--align-none\"><figure class=\"wp-block-uagb-image__figure\"><img srcset=\"http:\/\/192.168.1.35\/wp-content\/uploads\/2026\/02\/Logo.png ,http:\/\/192.168.1.35\/wp-content\/uploads\/2026\/02\/Logo.png 780w, http:\/\/192.168.1.35\/wp-content\/uploads\/2026\/02\/Logo.png 360w\" sizes=\"(max-width: 480px) 150px\" src=\"http:\/\/192.168.1.35\/wp-content\/uploads\/2026\/02\/Logo.png\" alt=\"Joe Happy Day Pizzeria\" class=\"uag-image-9\" width=\"565\" height=\"556\" title=\"Joe Happy Day Pizzeria\" loading=\"lazy\" role=\"img\"\/><\/figure><\/div>\n<!-- \/wp:uagb\/image -->","_et_gb_content_width":"","advgb_blocks_editor_width":"","advgb_blocks_columns_visual_guide":"","footnotes":""},"class_list":["post-6","page","type-page","status-publish","hentry"],"yoast_head":"<!-- This site is optimized with the Yoast SEO plugin v27.3 - https:\/\/yoast.com\/product\/yoast-seo-wordpress\/ -->\n<title>Accueil - Jo Happy Day<\/title>\n<meta name=\"robots\" content=\"index, follow, max-snippet:-1, max-image-preview:large, max-video-preview:-1\" \/>\n<link rel=\"canonical\" href=\"https:\/\/www.johappyday.fr\/\" \/>\n<meta property=\"og:locale\" content=\"fr_FR\" \/>\n<meta property=\"og:type\" content=\"article\" \/>\n<meta property=\"og:title\" content=\"Accueil - Jo Happy Day\" \/>\n<meta property=\"og:url\" content=\"https:\/\/www.johappyday.fr\/\" \/>\n<meta property=\"og:site_name\" content=\"Jo Happy Day\" \/>\n<meta property=\"article:modified_time\" content=\"2026-02-11T13:15:47+00:00\" \/>\n<meta name=\"twitter:card\" content=\"summary_large_image\" \/>\n<meta name=\"twitter:description\" content=\"[dsm_icon_list list_alignment=&quot;center&quot; list_space_between=&quot;9px&quot; _builder_version=&quot;4.27.5&quot; _module_preset=&quot;default&quot; custom_margin=&quot;10px||||false|false&quot; global_colors_info=&quot;{}&quot;][dsm_icon_list_child text=&quot;Lundi&quot; font_icon=&quot;&#xf057;||fa||900&quot; icon_color=&quot;#E02B20&quot; _builder_version=&quot;4.27.5&quot; _module_preset=&quot;default&quot; text_font_size=&quot;20px&quot; global_colors_info=&quot;{}&quot;][\/dsm_icon_list_child][dsm_icon_list_child text=&quot;Mardi - de 18h30 \u00e0 21h&quot; font_icon=&quot;&#x4e;||divi||400&quot; icon_color=&quot;#7CDA24&quot; _builder_version=&quot;4.27.5&quot; _module_preset=&quot;default&quot; text_font_size=&quot;20px&quot; global_colors_info=&quot;{}&quot;][\/dsm_icon_list_child][dsm_icon_list_child text=&quot;Mercredi - de 18h30 \u00e0 21h&quot; font_icon=&quot;&#x4e;||divi||400&quot; icon_color=&quot;#7CDA24&quot; _builder_version=&quot;4.27.5&quot; _module_preset=&quot;default&quot; text_font_size=&quot;20px&quot; global_colors_info=&quot;{}&quot;][\/dsm_icon_list_child][dsm_icon_list_child text=&quot;Jeudi - de 18h30 \u00e0 21h&quot; font_icon=&quot;&#x4e;||divi||400&quot; icon_color=&quot;#7CDA24&quot; _builder_version=&quot;4.27.5&quot; _module_preset=&quot;default&quot; text_font_size=&quot;20px&quot; global_colors_info=&quot;{}&quot;][\/dsm_icon_list_child][dsm_icon_list_child text=&quot;Vendredi - de 18h30 \u00e0 [&hellip;]\" \/>\n<meta name=\"twitter:label1\" content=\"Dur\u00e9e de lecture estim\u00e9e\" \/>\n\t<meta name=\"twitter:data1\" content=\"2 minutes\" \/>\n<script type=\"application\/ld+json\" class=\"yoast-schema-graph\">{\"@context\":\"https:\\\/\\\/schema.org\",\"@graph\":[{\"@type\":\"WebPage\",\"@id\":\"https:\\\/\\\/www.johappyday.fr\\\/\",\"url\":\"https:\\\/\\\/www.johappyday.fr\\\/\",\"name\":\"Accueil - Jo Happy Day\",\"isPartOf\":{\"@id\":\"https:\\\/\\\/www.johappyday.fr\\\/#website\"},\"datePublished\":\"2026-02-06T18:37:54+00:00\",\"dateModified\":\"2026-02-11T13:15:47+00:00\",\"breadcrumb\":{\"@id\":\"https:\\\/\\\/www.johappyday.fr\\\/#breadcrumb\"},\"inLanguage\":\"fr-FR\",\"potentialAction\":[{\"@type\":\"ReadAction\",\"target\":[\"https:\\\/\\\/www.johappyday.fr\\\/\"]}]},{\"@type\":\"BreadcrumbList\",\"@id\":\"https:\\\/\\\/www.johappyday.fr\\\/#breadcrumb\",\"itemListElement\":[{\"@type\":\"ListItem\",\"position\":1,\"name\":\"Accueil\",\"item\":\"https:\\\/\\\/www.johappyday.fr\\\/\"},{\"@type\":\"ListItem\",\"position\":2,\"name\":\"Accueil\"}]},{\"@type\":\"WebSite\",\"@id\":\"https:\\\/\\\/www.johappyday.fr\\\/#website\",\"url\":\"https:\\\/\\\/www.johappyday.fr\\\/\",\"name\":\"Jo Happy Day\",\"description\":\"\",\"potentialAction\":[{\"@type\":\"SearchAction\",\"target\":{\"@type\":\"EntryPoint\",\"urlTemplate\":\"https:\\\/\\\/www.johappyday.fr\\\/?s={search_term_string}\"},\"query-input\":{\"@type\":\"PropertyValueSpecification\",\"valueRequired\":true,\"valueName\":\"search_term_string\"}}],\"inLanguage\":\"fr-FR\"}]}<\/script>\n<!-- \/ Yoast SEO plugin. -->","yoast_head_json":{"title":"Accueil - Jo Happy Day","robots":{"index":"index","follow":"follow","max-snippet":"max-snippet:-1","max-image-preview":"max-image-preview:large","max-video-preview":"max-video-preview:-1"},"canonical":"https:\/\/www.johappyday.fr\/","og_locale":"fr_FR","og_type":"article","og_title":"Accueil - Jo Happy Day","og_url":"https:\/\/www.johappyday.fr\/","og_site_name":"Jo Happy Day","article_modified_time":"2026-02-11T13:15:47+00:00","twitter_card":"summary_large_image","twitter_description":"[dsm_icon_list list_alignment=\"center\" list_space_between=\"9px\" _builder_version=\"4.27.5\" _module_preset=\"default\" custom_margin=\"10px||||false|false\" global_colors_info=\"{}\"][dsm_icon_list_child text=\"Lundi\" font_icon=\"&#xf057;||fa||900\" icon_color=\"#E02B20\" _builder_version=\"4.27.5\" _module_preset=\"default\" text_font_size=\"20px\" global_colors_info=\"{}\"][\/dsm_icon_list_child][dsm_icon_list_child text=\"Mardi - de 18h30 \u00e0 21h\" font_icon=\"&#x4e;||divi||400\" icon_color=\"#7CDA24\" _builder_version=\"4.27.5\" _module_preset=\"default\" text_font_size=\"20px\" global_colors_info=\"{}\"][\/dsm_icon_list_child][dsm_icon_list_child text=\"Mercredi - de 18h30 \u00e0 21h\" font_icon=\"&#x4e;||divi||400\" icon_color=\"#7CDA24\" _builder_version=\"4.27.5\" _module_preset=\"default\" text_font_size=\"20px\" global_colors_info=\"{}\"][\/dsm_icon_list_child][dsm_icon_list_child text=\"Jeudi - de 18h30 \u00e0 21h\" font_icon=\"&#x4e;||divi||400\" icon_color=\"#7CDA24\" _builder_version=\"4.27.5\" _module_preset=\"default\" text_font_size=\"20px\" global_colors_info=\"{}\"][\/dsm_icon_list_child][dsm_icon_list_child text=\"Vendredi - de 18h30 \u00e0 [&hellip;]","twitter_misc":{"Dur\u00e9e de lecture estim\u00e9e":"2 minutes"},"schema":{"@context":"https:\/\/schema.org","@graph":[{"@type":"WebPage","@id":"https:\/\/www.johappyday.fr\/","url":"https:\/\/www.johappyday.fr\/","name":"Accueil - Jo Happy Day","isPartOf":{"@id":"https:\/\/www.johappyday.fr\/#website"},"datePublished":"2026-02-06T18:37:54+00:00","dateModified":"2026-02-11T13:15:47+00:00","breadcrumb":{"@id":"https:\/\/www.johappyday.fr\/#breadcrumb"},"inLanguage":"fr-FR","potentialAction":[{"@type":"ReadAction","target":["https:\/\/www.johappyday.fr\/"]}]},{"@type":"BreadcrumbList","@id":"https:\/\/www.johappyday.fr\/#breadcrumb","itemListElement":[{"@type":"ListItem","position":1,"name":"Accueil","item":"https:\/\/www.johappyday.fr\/"},{"@type":"ListItem","position":2,"name":"Accueil"}]},{"@type":"WebSite","@id":"https:\/\/www.johappyday.fr\/#website","url":"https:\/\/www.johappyday.fr\/","name":"Jo Happy Day","description":"","potentialAction":[{"@type":"SearchAction","target":{"@type":"EntryPoint","urlTemplate":"https:\/\/www.johappyday.fr\/?s={search_term_string}"},"query-input":{"@type":"PropertyValueSpecification","valueRequired":true,"valueName":"search_term_string"}}],"inLanguage":"fr-FR"}]}},"coauthors":[],"author_meta":{"author_link":"https:\/\/www.johappyday.fr\/index.php\/author\/nicolas\/","display_name":"nicolas"},"relative_dates":{"created":"Publi\u00e9 2 mois il y a","modified":"Mis \u00e0 jour 2 mois il y a"},"absolute_dates":{"created":"Publi\u00e9 le 6 f\u00e9vrier 2026","modified":"Mise \u00e0 jour le 11 f\u00e9vrier 2026"},"absolute_dates_time":{"created":"Publi\u00e9 le 6 f\u00e9vrier 2026 19:37","modified":"Mise \u00e0 jour le 11 f\u00e9vrier 2026 14:15"},"featured_img_caption":"","featured_img":false,"series_order":"","_links":{"self":[{"href":"https:\/\/www.johappyday.fr\/index.php\/wp-json\/wp\/v2\/pages\/6","targetHints":{"allow":["GET"]}}],"collection":[{"href":"https:\/\/www.johappyday.fr\/index.php\/wp-json\/wp\/v2\/pages"}],"about":[{"href":"https:\/\/www.johappyday.fr\/index.php\/wp-json\/wp\/v2\/types\/page"}],"author":[{"embeddable":true,"href":"https:\/\/www.johappyday.fr\/index.php\/wp-json\/wp\/v2\/users\/1"}],"replies":[{"embeddable":true,"href":"https:\/\/www.johappyday.fr\/index.php\/wp-json\/wp\/v2\/comments?post=6"}],"version-history":[{"count":16,"href":"https:\/\/www.johappyday.fr\/index.php\/wp-json\/wp\/v2\/pages\/6\/revisions"}],"predecessor-version":[{"id":165,"href":"https:\/\/www.johappyday.fr\/index.php\/wp-json\/wp\/v2\/pages\/6\/revisions\/165"}],"wp:attachment":[{"href":"https:\/\/www.johappyday.fr\/index.php\/wp-json\/wp\/v2\/media?parent=6"}],"curies":[{"name":"wp","href":"https:\/\/api.w.org\/{rel}","templated":true}]}}